{"id":99,"date":"2022-02-23T09:34:59","date_gmt":"2022-02-23T09:34:59","guid":{"rendered":"https:\/\/gaijeger.at\/?page_id=99"},"modified":"2022-02-23T10:52:41","modified_gmt":"2022-02-23T10:52:41","slug":"magazines-2","status":"publish","type":"page","link":"https:\/\/gaijeger.at\/?page_id=99","title":{"rendered":"magazines"},"content":{"rendered":"\r\n<p>Wenn es um schnelle Informationsbeschaffung geht, ist das Internet heute kaum zu schlagen. Gut recherchierte Hintergrundinformationen, ausgiebiger Lesegenuss und gro\u00dfz\u00fcgige Bild- und Textstrecken finden durch die unterschiedlichsten Gestaltungsm\u00f6glichkeiten jedoch in Zeitschriften und Magazinen ihren optimalen Platz.<\/p>\r\n<p>&nbsp;<\/p>\r\n<p><span style=\"color: #333333;\"><a style=\"color: #333333;\" href=\"https:\/\/gaijeger.at\/?page_id=103\">Taa:l<\/a><\/span><\/p>\r\n<p><span style=\"color: #333333;\"><a style=\"color: #333333;\" href=\"https:\/\/gaijeger.at\/?page_id=149\">Rustler \u2013 Das Magazin<\/a><\/span><\/p>\r\n<p><span style=\"color: #333333;\"><a style=\"color: #333333;\" href=\"https:\/\/gaijeger.at\/?page_id=165\">Open Mind<\/a><\/span><\/p>\r\n<p><span style=\"color: #333333;\"><a style=\"color: #333333;\" href=\"https:\/\/gaijeger.at\/?page_id=179\">Name it<\/a><\/span><\/p>\r\n<p><span style=\"color: #333333;\"><a style=\"color: #333333;\" href=\"https:\/\/gaijeger.at\/?page_id=190\">CIM<\/a><\/span><\/p>\r\n<p><span style=\"color: #333333;\"><a style=\"color: #333333;\" href=\"https:\/\/gaijeger.at\/?page_id=186\">Jetzt Leben<\/a><\/span><\/p>\r\n<p>&nbsp;<\/p>\r\n<p>&nbsp;<\/p>\r\n","protected":false},"excerpt":{"rendered":"<p>Wenn es um schnelle Informationsbeschaffung geht, ist das Internet heute kaum zu schlagen. Gut recherchierte Hintergrundinformationen, ausgiebiger Lesegenuss und gro\u00dfz\u00fcgige Bild- und Textstrecken finden durch die unterschiedlichsten Gestaltungsm\u00f6glichkeiten jedoch in Zeitschriften und Magazinen ihren optimalen Platz. &nbsp; Taa:l Rustler \u2013 Das Magazin Open Mind Name it CIM Jetzt Leben &nbsp; &nbsp;<\/p>\n","protected":false},"author":1,"featured_media":0,"parent":0,"menu_order":0,"comment_status":"closed","ping_status":"closed","template":"","meta":{"_monsterinsights_skip_tracking":false,"_monsterinsights_sitenote_active":false,"_monsterinsights_sitenote_note":"","_monsterinsights_sitenote_category":0,"footnotes":""},"class_list":["post-99","page","type-page","status-publish","hentry"],"acf":[],"_links":{"self":[{"href":"https:\/\/gaijeger.at\/index.php?rest_route=\/wp\/v2\/pages\/99","targetHints":{"allow":["GET"]}}],"collection":[{"href":"https:\/\/gaijeger.at\/index.php?rest_route=\/wp\/v2\/pages"}],"about":[{"href":"https:\/\/gaijeger.at\/index.php?rest_route=\/wp\/v2\/types\/page"}],"author":[{"embeddable":true,"href":"https:\/\/gaijeger.at\/index.php?rest_route=\/wp\/v2\/users\/1"}],"replies":[{"embeddable":true,"href":"https:\/\/gaijeger.at\/index.php?rest_route=%2Fwp%2Fv2%2Fcomments&post=99"}],"version-history":[{"count":11,"href":"https:\/\/gaijeger.at\/index.php?rest_route=\/wp\/v2\/pages\/99\/revisions"}],"predecessor-version":[{"id":196,"href":"https:\/\/gaijeger.at\/index.php?rest_route=\/wp\/v2\/pages\/99\/revisions\/196"}],"wp:attachment":[{"href":"https:\/\/gaijeger.at\/index.php?rest_route=%2Fwp%2Fv2%2Fmedia&parent=99"}],"curies":[{"name":"wp","href":"https:\/\/api.w.org\/{rel}","templated":true}]}}