{"id":3,"date":"2022-02-07T12:21:00","date_gmt":"2022-02-07T12:21:00","guid":{"rendered":"https:\/\/gaijeger.at\/?page_id=3"},"modified":"2022-04-08T11:16:35","modified_gmt":"2022-04-08T11:16:35","slug":"privacy-policy","status":"publish","type":"page","link":"https:\/\/gaijeger.at\/?page_id=3","title":{"rendered":"Impressum &#038; Kontakt"},"content":{"rendered":"\r\n<h2 class=\"wp-block-heading\">\u00a0<\/h2>\r\n\r\n\r\n\r\n<h6>Unsere Webseite ist: <a href=\"https:\/\/gaijeger.at\">https:\/\/gaijeger.at<\/a><\/h6>\r\n<h5>Information gem\u00e4\u00df \u00a7 5 E-Commerce-Gesetz und Offenlegung gem\u00e4\u00df<br \/>\u00a7 25 Mediengesetz\/Diensteanbieter und Medieninhaber:<br \/><br \/>Gai Jeger<br \/>Grafik &#038; Design<br \/><br \/>UID-Nummer: ATU58950825<br \/>FB-Gericht: HG Wien<br \/><br \/>Skodagasse 26<br \/>1080 Wien<br \/><br \/>Tel: +43 \/ 660 \/ 1415761<br \/>E-Mail: office@gaijeger.at<br \/><br \/>Mitglied der WKO,\u00a0Fachgruppe Werbung und Marktkommunikation<\/h5>\r\n\r\n\r\n\r\n<h2 class=\"wp-block-heading\">Hinweis<\/h2>\r\n\r\n\r\n\r\n<p>Der Autor der Texte und Bilder, Gai Jeger, beh\u00e4lt sich das Recht der Vervielf\u00e4ltigung und Verbreitung vor. Kein Teil des Text- und Bildmaterials darf, auch nicht auszugsweise, ohne schriftliche Genehmigung des Autors in irgendeiner Form reproduziert, verarbeitet, gespeichert, vervielf\u00e4ltigt oder verbreitet werden.<\/p>\r\n\r\n\r\n\r\n<h2 class=\"wp-block-heading\">Disclaimer<\/h2>\r\n\r\n\r\n\r\n<p>Trotz sorgf\u00e4ltiger inhaltlicher Kontrolle \u00fcbernehmen wir keine Haftung f\u00fcr die Inhalte externer Links. F\u00fcr Inhalte verlinkter Seiten sind ausschlie\u00dflich deren Betreiber verantwortlich.<\/p>\r\n\r\n\r\n\r\n<h2 class=\"wp-block-heading\">Datenschutzerkl\u00e4rung<\/h2>\r\n\r\n\r\n\r\n<p>Wir erheben, verarbeiten und nutzen Ihre Daten nur im Rahmen der gesetzlichen Bestimmungen. Diese Datenschutzerkl\u00e4rung gilt ausschlie\u00dflich f\u00fcr die Nutzung der von uns angebotenen Webseiten. Sie gilt nicht f\u00fcr die Webseiten anderer Dienstanbieter, auf die wir lediglich durch einen Link verweisen. Bei der Nutzung unserer Website bleiben Sie anonym, solange Sie uns nicht von sich aus freiwillig personenbezogene Daten zur Verf\u00fcgung stellen. Personenbezogene Daten werden nur dann erhoben, wenn dies f\u00fcr die Nutzung der auf der Website angebotenen Leistungen, insbesondere Formularangebote, erforderlich ist. Wir werden die von Ihnen zur Verf\u00fcgung gestellten Daten streng vertraulich behandeln. Ohne Ihre ausdr\u00fcckliche Einwilligung geben wir keine pers\u00f6nlichen Daten weiter, es sei denn, dass wir rechtlich dazu verpflichtet sind.<\/p>\r\n<p>Wir weisen jedoch darauf hin, dass es bei der \u00dcbermittlung von Daten im Internet immer dazu kommen kann, dass Dritte Ihre Daten zur Kenntnis nehmen oder verf\u00e4lschen. Sofern Sie es von uns verlangen, gew\u00e4hren wir Ihnen Einblick in die \u00fcber Sie gespeicherten Daten beziehungsweise l\u00f6schen diese. Wenn Sie Daten berichtigen, l\u00f6schen oder einsehen wollen, gen\u00fcgt hierf\u00fcr ein Schreiben an die im Impressum angegebene Adresse. Im Rahmen der Benachrichtigung unserer Kunden \u00fcber Neuheiten, etc. senden wir Ihnen E-Mails nur zu, sofern Sie uns Ihre Mail-Adresse zur Verf\u00fcgung stellen.<\/p>\r\n<p>Diese Website benutzt Google Analytics, einen Webanalysedienst der Google Inc. (\u201eGoogle\u201c).<br \/>Google Analytics verwendet sog. \u201eCookies\u201c, Textdateien, die auf Ihrem Computer gespeichert werden und die eine Analyse der Benutzung der Website durch Sie erm\u00f6glichen.<br \/>Die durch den Cookie erzeugten Informationen \u00fcber Ihre Benutzung dieser Website werden in der Regel an einen Server von Google in den USA \u00fcbertragen und dort gespeichert. Im Falle der Aktivierung der IP-Anonymisierung auf dieser Webseite, wird Ihre IP-Adresse von Google jedoch innerhalb von Mitgliedstaaten der Europ\u00e4ischen Union oder in anderen Vertragsstaaten des Abkommens \u00fcber den Europ\u00e4ischen Wirtschaftsraum zuvor gek\u00fcrzt. Nur in Ausnahmef\u00e4llen wird die volle IP-Adresse an einen Server von Google in den USA \u00fcbertragen und dort gek\u00fcrzt.<br \/>Die IP-Anonymisierung ist auf dieser Website aktiv.\u00a0Im Auftrag des Betreibers dieser Website wird Google diese Informationen benutzen, um Ihre Nutzung der Website auszuwerten, um Reports \u00fcber die Websiteaktivit\u00e4ten zusammenzustellen und um weitere mit der Websitenutzung und der Internetnutzung verbundene Dienstleistungen gegen\u00fcber dem Websitebetreiber zu erbringen.<br \/>Die im Rahmen von Google Analytics von Ihrem Browser \u00fcbermittelte IP-Adresse wird nicht mit anderen Daten von Google zusammengef\u00fchrt. Sie k\u00f6nnen die Speicherung der Cookies durch eine entsprechende Einstellung Ihrer Browser-Software verhindern; wir weisen Sie jedoch darauf hin, dass Sie in diesem Fall gegebenenfalls nicht s\u00e4mtliche Funktionen dieser Website vollumf\u00e4nglich werden nutzen k\u00f6nnen. Sie k\u00f6nnen dar\u00fcber hinaus die Erfassung der durch das Cookie erzeugten und auf Ihre Nutzung der Website bezogenen Daten (inkl. Ihrer IP-Adresse) an Google sowie die Verarbeitung dieser Daten durch Google verhindern, indem sie das unter dem folgenden Link verf\u00fcgbare Browser-Plugin herunterladen und installieren:\u00a0<a href=\"http:\/\/tools.google.com\/dlpage\/gaoptout?hl=de\">http:\/\/tools.google.com\/dlpage\/gaoptout?hl=de<\/a><\/p>\r\n\r\n\r\n\r\n\r\n","protected":false},"excerpt":{"rendered":"<p>\u00a0 Unsere Webseite ist: https:\/\/gaijeger.at Information gem\u00e4\u00df \u00a7 5 E-Commerce-Gesetz und Offenlegung gem\u00e4\u00df\u00a7 25 Mediengesetz\/Diensteanbieter und Medieninhaber: Gai JegerGrafik &#038; Design UID-Nummer: ATU58950825FB-Gericht: HG Wien Skodagasse 261080 Wien Tel: +43 \/ 660 \/ 1415761E-Mail: office@gaijeger.at Mitglied der WKO,\u00a0Fachgruppe Werbung und Marktkommunikation Hinweis Der Autor der Texte und Bilder, Gai Jeger, beh\u00e4lt sich das Recht der &hellip; <\/p>\n<p class=\"link-more\"><a href=\"https:\/\/gaijeger.at\/?page_id=3\" class=\"more-link\">Mehr <span class=\"screen-reader-text\">\u00fcber &#8222;Impressum &#038; Kontakt&#8220; <\/span>Lesen<\/a><\/p>\n","protected":false},"author":1,"featured_media":0,"parent":0,"menu_order":0,"comment_status":"closed","ping_status":"closed","template":"","meta":{"_monsterinsights_skip_tracking":false,"_monsterinsights_sitenote_active":false,"_monsterinsights_sitenote_note":"","_monsterinsights_sitenote_category":0,"footnotes":""},"class_list":["post-3","page","type-page","status-publish","hentry"],"acf":[],"_links":{"self":[{"href":"https:\/\/gaijeger.at\/index.php?rest_route=\/wp\/v2\/pages\/3","targetHints":{"allow":["GET"]}}],"collection":[{"href":"https:\/\/gaijeger.at\/index.php?rest_route=\/wp\/v2\/pages"}],"about":[{"href":"https:\/\/gaijeger.at\/index.php?rest_route=\/wp\/v2\/types\/page"}],"author":[{"embeddable":true,"href":"https:\/\/gaijeger.at\/index.php?rest_route=\/wp\/v2\/users\/1"}],"replies":[{"embeddable":true,"href":"https:\/\/gaijeger.at\/index.php?rest_route=%2Fwp%2Fv2%2Fcomments&post=3"}],"version-history":[{"count":13,"href":"https:\/\/gaijeger.at\/index.php?rest_route=\/wp\/v2\/pages\/3\/revisions"}],"predecessor-version":[{"id":291,"href":"https:\/\/gaijeger.at\/index.php?rest_route=\/wp\/v2\/pages\/3\/revisions\/291"}],"wp:attachment":[{"href":"https:\/\/gaijeger.at\/index.php?rest_route=%2Fwp%2Fv2%2Fmedia&parent=3"}],"curies":[{"name":"wp","href":"https:\/\/api.w.org\/{rel}","templated":true}]}}